{"id":478,"date":"2020-03-30T17:31:44","date_gmt":"2020-03-30T17:31:44","guid":{"rendered":"http:\/\/beyazet.hastavuk.com.tr\/?page_id=478"},"modified":"2020-07-22T14:03:19","modified_gmt":"2020-07-22T14:03:19","slug":"lezzet-kapisi","status":"publish","type":"page","link":"https:\/\/beyazet.hastavuk.com.tr\/ru\/lezzet-kapisi\/","title":{"rendered":"\u041c\u0418\u0420 \u0410\u0420\u041e\u041c\u0410\u0422\u041e\u0412"},"content":{"rendered":"\t\t<div data-elementor-type=\"wp-page\" data-elementor-id=\"478\" class=\"elementor elementor-478\" data-elementor-post-type=\"page\">\n\t\t\t\t\t\t<section class=\"elementor-section elementor-top-section elementor-element elementor-element-5f977c3 elementor-section-full_width elementor-section-height-min-height elementor-section-height-default elementor-section-items-middle\" data-id=\"5f977c3\" data-element_type=\"section\" data-e-type=\"section\" data-settings=\"{&quot;jet_parallax_layout_list&quot;:[{&quot;jet_parallax_layout_image&quot;:{&quot;url&quot;:&quot;&quot;,&quot;id&quot;:&quot;&quot;,&quot;size&quot;:&quot;&quot;},&quot;_id&quot;:&quot;698c882&quot;,&quot;jet_parallax_layout_image_tablet&quot;:{&quot;url&quot;:&quot;&quot;,&quot;id&quot;:&quot;&quot;,&quot;size&quot;:&quot;&quot;},&quot;jet_parallax_layout_image_mobile&quot;:{&quot;url&quot;:&quot;&quot;,&quot;id&quot;:&quot;&quot;,&quot;size&quot;:&quot;&quot;},&quot;jet_parallax_layout_speed&quot;:{&quot;unit&quot;:&quot;%&quot;,&quot;size&quot;:50,&quot;sizes&quot;:[]},&quot;jet_parallax_layout_type&quot;:&quot;scroll&quot;,&quot;jet_parallax_layout_direction&quot;:null,&quot;jet_parallax_layout_fx_direction&quot;:null,&quot;jet_parallax_layout_z_index&quot;:&quot;&quot;,&quot;jet_parallax_layout_bg_x&quot;:50,&quot;jet_parallax_layout_bg_y&quot;:50,&quot;jet_parallax_layout_bg_size&quot;:&quot;auto&quot;,&quot;jet_parallax_layout_animation_prop&quot;:&quot;transform&quot;,&quot;jet_parallax_layout_on&quot;:[&quot;desktop&quot;,&quot;tablet&quot;],&quot;jet_parallax_layout_bg_x_tablet&quot;:&quot;&quot;,&quot;jet_parallax_layout_bg_x_mobile&quot;:&quot;&quot;,&quot;jet_parallax_layout_bg_y_tablet&quot;:&quot;&quot;,&quot;jet_parallax_layout_bg_y_mobile&quot;:&quot;&quot;,&quot;jet_parallax_layout_bg_size_tablet&quot;:&quot;&quot;,&quot;jet_parallax_layout_bg_size_mobile&quot;:&quot;&quot;}],&quot;background_background&quot;:&quot;classic&quot;}\">\n\t\t\t\t\t\t<div class=\"elementor-container elementor-column-gap-default\">\n\t\t\t\t\t<div class=\"elementor-column elementor-col-100 elementor-top-column elementor-element elementor-element-21d0bad\" data-id=\"21d0bad\" data-element_type=\"column\" data-e-type=\"column\" data-settings=\"{&quot;background_background&quot;:&quot;classic&quot;}\">\n\t\t\t<div class=\"elementor-widget-wrap elementor-element-populated\">\n\t\t\t\t\t\t<div class=\"elementor-element elementor-element-ecc1334 elementor-widget elementor-widget-heading\" data-id=\"ecc1334\" data-element_type=\"widget\" data-e-type=\"widget\" data-widget_type=\"heading.default\">\n\t\t\t\t<div class=\"elementor-widget-container\">\n\t\t\t\t\t<h2 class=\"elementor-heading-title elementor-size-default\">Antibiyotik yok, Hormon yok<\/h2>\t\t\t\t<\/div>\n\t\t\t\t<\/div>\n\t\t\t\t\t<\/div>\n\t\t<\/div>\n\t\t\t\t\t<\/div>\n\t\t<\/section>\n\t\t\t\t<section class=\"elementor-section elementor-top-section elementor-element elementor-element-00147ac elementor-section-boxed elementor-section-height-default elementor-section-height-default\" data-id=\"00147ac\" data-element_type=\"section\" data-e-type=\"section\" data-settings=\"{&quot;jet_parallax_layout_list&quot;:[{&quot;jet_parallax_layout_image&quot;:{&quot;url&quot;:&quot;&quot;,&quot;id&quot;:&quot;&quot;,&quot;size&quot;:&quot;&quot;},&quot;_id&quot;:&quot;c628ef2&quot;,&quot;jet_parallax_layout_image_tablet&quot;:{&quot;url&quot;:&quot;&quot;,&quot;id&quot;:&quot;&quot;,&quot;size&quot;:&quot;&quot;},&quot;jet_parallax_layout_image_mobile&quot;:{&quot;url&quot;:&quot;&quot;,&quot;id&quot;:&quot;&quot;,&quot;size&quot;:&quot;&quot;},&quot;jet_parallax_layout_speed&quot;:{&quot;unit&quot;:&quot;%&quot;,&quot;size&quot;:50,&quot;sizes&quot;:[]},&quot;jet_parallax_layout_type&quot;:&quot;scroll&quot;,&quot;jet_parallax_layout_direction&quot;:null,&quot;jet_parallax_layout_fx_direction&quot;:null,&quot;jet_parallax_layout_z_index&quot;:&quot;&quot;,&quot;jet_parallax_layout_bg_x&quot;:50,&quot;jet_parallax_layout_bg_y&quot;:50,&quot;jet_parallax_layout_bg_size&quot;:&quot;auto&quot;,&quot;jet_parallax_layout_animation_prop&quot;:&quot;transform&quot;,&quot;jet_parallax_layout_on&quot;:[&quot;desktop&quot;,&quot;tablet&quot;],&quot;jet_parallax_layout_bg_x_tablet&quot;:&quot;&quot;,&quot;jet_parallax_layout_bg_x_mobile&quot;:&quot;&quot;,&quot;jet_parallax_layout_bg_y_tablet&quot;:&quot;&quot;,&quot;jet_parallax_layout_bg_y_mobile&quot;:&quot;&quot;,&quot;jet_parallax_layout_bg_size_tablet&quot;:&quot;&quot;,&quot;jet_parallax_layout_bg_size_mobile&quot;:&quot;&quot;}]}\">\n\t\t\t\t\t\t<div class=\"elementor-container elementor-column-gap-default\">\n\t\t\t\t\t<div class=\"elementor-column elementor-col-50 elementor-top-column elementor-element elementor-element-550a07e\" data-id=\"550a07e\" data-element_type=\"column\" data-e-type=\"column\">\n\t\t\t<div class=\"elementor-widget-wrap elementor-element-populated\">\n\t\t\t\t\t\t<div class=\"elementor-element elementor-element-e79c8fd elementor-position-top elementor-widget elementor-widget-image-box\" data-id=\"e79c8fd\" data-element_type=\"widget\" data-e-type=\"widget\" data-widget_type=\"image-box.default\">\n\t\t\t\t<div class=\"elementor-widget-container\">\n\t\t\t\t\t<div class=\"elementor-image-box-wrapper\"><figure class=\"elementor-image-box-img\"><img fetchpriority=\"high\" decoding=\"async\" width=\"671\" height=\"672\" src=\"https:\/\/beyazet.hastavuk.com.tr\/wp-content\/uploads\/tarifler-icon.png\" class=\"elementor-animation-shrink attachment-full size-full wp-image-480\" alt=\"\" srcset=\"https:\/\/beyazet.hastavuk.com.tr\/wp-content\/uploads\/tarifler-icon.png 671w, https:\/\/beyazet.hastavuk.com.tr\/wp-content\/uploads\/tarifler-icon-300x300.png 300w, https:\/\/beyazet.hastavuk.com.tr\/wp-content\/uploads\/tarifler-icon-150x150.png 150w\" sizes=\"(max-width: 671px) 100vw, 671px\" \/><\/figure><div class=\"elementor-image-box-content\"><h4 class=\"elementor-image-box-title\">TAR\u0130FLER<\/h4><\/div><\/div>\t\t\t\t<\/div>\n\t\t\t\t<\/div>\n\t\t\t\t<div class=\"elementor-element elementor-element-cc7d263 elementor-align-center elementor-widget elementor-widget-button\" data-id=\"cc7d263\" data-element_type=\"widget\" data-e-type=\"widget\" data-widget_type=\"button.default\">\n\t\t\t\t<div class=\"elementor-widget-container\">\n\t\t\t\t\t\t\t\t\t<div class=\"elementor-button-wrapper\">\n\t\t\t\t\t<a class=\"elementor-button elementor-button-link elementor-size-sm\" href=\"http:\/\/beyazet.hastavuk.com.tr\/tarifler\/\">\n\t\t\t\t\t\t<span class=\"elementor-button-content-wrapper\">\n\t\t\t\t\t\t\t\t\t<span class=\"elementor-button-text\">incele<\/span>\n\t\t\t\t\t<\/span>\n\t\t\t\t\t<\/a>\n\t\t\t\t<\/div>\n\t\t\t\t\t\t\t\t<\/div>\n\t\t\t\t<\/div>\n\t\t\t\t\t<\/div>\n\t\t<\/div>\n\t\t\t\t<div class=\"elementor-column elementor-col-50 elementor-top-column elementor-element elementor-element-3872ab3\" data-id=\"3872ab3\" data-element_type=\"column\" data-e-type=\"column\">\n\t\t\t<div class=\"elementor-widget-wrap elementor-element-populated\">\n\t\t\t\t\t\t<div class=\"elementor-element elementor-element-51fba69 elementor-position-top elementor-widget elementor-widget-image-box\" data-id=\"51fba69\" data-element_type=\"widget\" data-e-type=\"widget\" data-widget_type=\"image-box.default\">\n\t\t\t\t<div class=\"elementor-widget-container\">\n\t\t\t\t\t<div class=\"elementor-image-box-wrapper\"><figure class=\"elementor-image-box-img\"><img decoding=\"async\" width=\"671\" height=\"672\" src=\"https:\/\/beyazet.hastavuk.com.tr\/wp-content\/uploads\/Asset-38-50.jpg\" class=\"elementor-animation-shrink attachment-full size-full wp-image-800\" alt=\"\" srcset=\"https:\/\/beyazet.hastavuk.com.tr\/wp-content\/uploads\/Asset-38-50.jpg 671w, https:\/\/beyazet.hastavuk.com.tr\/wp-content\/uploads\/Asset-38-50-300x300.jpg 300w, https:\/\/beyazet.hastavuk.com.tr\/wp-content\/uploads\/Asset-38-50-150x150.jpg 150w\" sizes=\"(max-width: 671px) 100vw, 671px\" \/><\/figure><div class=\"elementor-image-box-content\"><h4 class=\"elementor-image-box-title\">SOSLAR&amp;BAHARATLAR<\/h4><\/div><\/div>\t\t\t\t<\/div>\n\t\t\t\t<\/div>\n\t\t\t\t<div class=\"elementor-element elementor-element-b64d022 elementor-align-center elementor-widget elementor-widget-button\" data-id=\"b64d022\" data-element_type=\"widget\" data-e-type=\"widget\" data-widget_type=\"button.default\">\n\t\t\t\t<div class=\"elementor-widget-container\">\n\t\t\t\t\t\t\t\t\t<div class=\"elementor-button-wrapper\">\n\t\t\t\t\t<a class=\"elementor-button elementor-button-link elementor-size-sm\" href=\"http:\/\/beyazet.hastavuk.com.tr\/soslar-ve-baharatlar\/\">\n\t\t\t\t\t\t<span class=\"elementor-button-content-wrapper\">\n\t\t\t\t\t\t\t\t\t<span class=\"elementor-button-text\">incele<\/span>\n\t\t\t\t\t<\/span>\n\t\t\t\t\t<\/a>\n\t\t\t\t<\/div>\n\t\t\t\t\t\t\t\t<\/div>\n\t\t\t\t<\/div>\n\t\t\t\t\t<\/div>\n\t\t<\/div>\n\t\t\t\t\t<\/div>\n\t\t<\/section>\n\t\t\t\t<section class=\"elementor-section elementor-top-section elementor-element elementor-element-ca3ea30 elementor-section-boxed elementor-section-height-default elementor-section-height-default\" data-id=\"ca3ea30\" data-element_type=\"section\" data-e-type=\"section\" data-settings=\"{&quot;jet_parallax_layout_list&quot;:[{&quot;jet_parallax_layout_image&quot;:{&quot;url&quot;:&quot;&quot;,&quot;id&quot;:&quot;&quot;,&quot;size&quot;:&quot;&quot;},&quot;_id&quot;:&quot;c628ef2&quot;,&quot;jet_parallax_layout_image_tablet&quot;:{&quot;url&quot;:&quot;&quot;,&quot;id&quot;:&quot;&quot;,&quot;size&quot;:&quot;&quot;},&quot;jet_parallax_layout_image_mobile&quot;:{&quot;url&quot;:&quot;&quot;,&quot;id&quot;:&quot;&quot;,&quot;size&quot;:&quot;&quot;},&quot;jet_parallax_layout_speed&quot;:{&quot;unit&quot;:&quot;%&quot;,&quot;size&quot;:50,&quot;sizes&quot;:[]},&quot;jet_parallax_layout_type&quot;:&quot;scroll&quot;,&quot;jet_parallax_layout_direction&quot;:null,&quot;jet_parallax_layout_fx_direction&quot;:null,&quot;jet_parallax_layout_z_index&quot;:&quot;&quot;,&quot;jet_parallax_layout_bg_x&quot;:50,&quot;jet_parallax_layout_bg_y&quot;:50,&quot;jet_parallax_layout_bg_size&quot;:&quot;auto&quot;,&quot;jet_parallax_layout_animation_prop&quot;:&quot;transform&quot;,&quot;jet_parallax_layout_on&quot;:[&quot;desktop&quot;,&quot;tablet&quot;],&quot;jet_parallax_layout_bg_x_tablet&quot;:&quot;&quot;,&quot;jet_parallax_layout_bg_x_mobile&quot;:&quot;&quot;,&quot;jet_parallax_layout_bg_y_tablet&quot;:&quot;&quot;,&quot;jet_parallax_layout_bg_y_mobile&quot;:&quot;&quot;,&quot;jet_parallax_layout_bg_size_tablet&quot;:&quot;&quot;,&quot;jet_parallax_layout_bg_size_mobile&quot;:&quot;&quot;}]}\">\n\t\t\t\t\t\t<div class=\"elementor-container elementor-column-gap-default\">\n\t\t\t\t\t<div class=\"elementor-column elementor-col-50 elementor-top-column elementor-element elementor-element-9cbad7e\" data-id=\"9cbad7e\" data-element_type=\"column\" data-e-type=\"column\">\n\t\t\t<div class=\"elementor-widget-wrap elementor-element-populated\">\n\t\t\t\t\t\t<div class=\"elementor-element elementor-element-e7fcb98 elementor-position-top elementor-widget elementor-widget-image-box\" data-id=\"e7fcb98\" data-element_type=\"widget\" data-e-type=\"widget\" data-widget_type=\"image-box.default\">\n\t\t\t\t<div class=\"elementor-widget-container\">\n\t\t\t\t\t<div class=\"elementor-image-box-wrapper\"><figure class=\"elementor-image-box-img\"><img decoding=\"async\" width=\"671\" height=\"672\" src=\"https:\/\/beyazet.hastavuk.com.tr\/wp-content\/uploads\/puf-noktalari-icon.png\" class=\"elementor-animation-shrink attachment-full size-full wp-image-514\" alt=\"\" srcset=\"https:\/\/beyazet.hastavuk.com.tr\/wp-content\/uploads\/puf-noktalari-icon.png 671w, https:\/\/beyazet.hastavuk.com.tr\/wp-content\/uploads\/puf-noktalari-icon-300x300.png 300w, https:\/\/beyazet.hastavuk.com.tr\/wp-content\/uploads\/puf-noktalari-icon-150x150.png 150w\" sizes=\"(max-width: 671px) 100vw, 671px\" \/><\/figure><div class=\"elementor-image-box-content\"><h4 class=\"elementor-image-box-title\">P\u00dcF NOKTALARI<\/h4><\/div><\/div>\t\t\t\t<\/div>\n\t\t\t\t<\/div>\n\t\t\t\t<div class=\"elementor-element elementor-element-19485a4 elementor-align-center elementor-widget elementor-widget-button\" data-id=\"19485a4\" data-element_type=\"widget\" data-e-type=\"widget\" data-widget_type=\"button.default\">\n\t\t\t\t<div class=\"elementor-widget-container\">\n\t\t\t\t\t\t\t\t\t<div class=\"elementor-button-wrapper\">\n\t\t\t\t\t<a class=\"elementor-button elementor-button-link elementor-size-sm\" href=\"http:\/\/beyazet.hastavuk.com.tr\/puf-noktalari\/\">\n\t\t\t\t\t\t<span class=\"elementor-button-content-wrapper\">\n\t\t\t\t\t\t\t\t\t<span class=\"elementor-button-text\">incele<\/span>\n\t\t\t\t\t<\/span>\n\t\t\t\t\t<\/a>\n\t\t\t\t<\/div>\n\t\t\t\t\t\t\t\t<\/div>\n\t\t\t\t<\/div>\n\t\t\t\t\t<\/div>\n\t\t<\/div>\n\t\t\t\t<div class=\"elementor-column elementor-col-50 elementor-top-column elementor-element elementor-element-832b694\" data-id=\"832b694\" data-element_type=\"column\" data-e-type=\"column\">\n\t\t\t<div class=\"elementor-widget-wrap elementor-element-populated\">\n\t\t\t\t\t\t<div class=\"elementor-element elementor-element-1df81f1 elementor-position-top elementor-widget elementor-widget-image-box\" data-id=\"1df81f1\" data-element_type=\"widget\" data-e-type=\"widget\" data-widget_type=\"image-box.default\">\n\t\t\t\t<div class=\"elementor-widget-container\">\n\t\t\t\t\t<div class=\"elementor-image-box-wrapper\"><figure class=\"elementor-image-box-img\"><img loading=\"lazy\" decoding=\"async\" width=\"672\" height=\"672\" src=\"https:\/\/beyazet.hastavuk.com.tr\/wp-content\/uploads\/mutfak-olculeri-icon.png\" class=\"elementor-animation-shrink attachment-full size-full wp-image-515\" alt=\"\" srcset=\"https:\/\/beyazet.hastavuk.com.tr\/wp-content\/uploads\/mutfak-olculeri-icon.png 672w, https:\/\/beyazet.hastavuk.com.tr\/wp-content\/uploads\/mutfak-olculeri-icon-300x300.png 300w, https:\/\/beyazet.hastavuk.com.tr\/wp-content\/uploads\/mutfak-olculeri-icon-150x150.png 150w\" sizes=\"(max-width: 672px) 100vw, 672px\" \/><\/figure><div class=\"elementor-image-box-content\"><h4 class=\"elementor-image-box-title\">MUTFAK \u00d6L\u00c7\u00dcLER\u0130<\/h4><\/div><\/div>\t\t\t\t<\/div>\n\t\t\t\t<\/div>\n\t\t\t\t<div class=\"elementor-element elementor-element-34acf70 elementor-align-center elementor-widget elementor-widget-button\" data-id=\"34acf70\" data-element_type=\"widget\" data-e-type=\"widget\" data-widget_type=\"button.default\">\n\t\t\t\t<div class=\"elementor-widget-container\">\n\t\t\t\t\t\t\t\t\t<div class=\"elementor-button-wrapper\">\n\t\t\t\t\t<a class=\"elementor-button elementor-button-link elementor-size-sm\" href=\"#elementor-action%3Aaction%3Dpopup%3Aopen%26settings%3DeyJpZCI6IjE0MTgiLCJ0b2dnbGUiOmZhbHNlfQ%3D%3D\">\n\t\t\t\t\t\t<span class=\"elementor-button-content-wrapper\">\n\t\t\t\t\t\t\t\t\t<span class=\"elementor-button-text\">incele<\/span>\n\t\t\t\t\t<\/span>\n\t\t\t\t\t<\/a>\n\t\t\t\t<\/div>\n\t\t\t\t\t\t\t\t<\/div>\n\t\t\t\t<\/div>\n\t\t\t\t\t<\/div>\n\t\t<\/div>\n\t\t\t\t\t<\/div>\n\t\t<\/section>\n\t\t\t\t<\/div>\n\t\t","protected":false},"excerpt":{"rendered":"<p>Antibiyotik yok, Hormon yok TAR\u0130FLER incele SOSLAR&#038;BAHARATLAR incele P\u00dcF NOKTALARI incele MUTFAK \u00d6L\u00c7\u00dcLER\u0130 incele<\/p>","protected":false},"author":1,"featured_media":0,"parent":0,"menu_order":0,"comment_status":"closed","ping_status":"closed","template":"","meta":{"inline_featured_image":false,"footnotes":""},"class_list":["post-478","page","type-page","status-publish","hentry"],"yoast_head":"<!-- This site is optimized with the Yoast SEO plugin v25.0 - https:\/\/yoast.com\/wordpress\/plugins\/seo\/ -->\n<title>Lezzet Kap\u0131s\u0131 - Hastavuk<\/title>\n<meta name=\"robots\" content=\"index, follow, max-snippet:-1, max-image-preview:large, max-video-preview:-1\" \/>\n<link rel=\"canonical\" href=\"https:\/\/beyazet.hastavuk.com.tr\/ru\/lezzet-kapisi\/\" \/>\n<meta property=\"og:locale\" content=\"ru_RU\" \/>\n<meta property=\"og:type\" content=\"article\" \/>\n<meta property=\"og:title\" content=\"Lezzet Kap\u0131s\u0131 - Hastavuk\" \/>\n<meta property=\"og:description\" content=\"Antibiyotik yok, Hormon yok TAR\u0130FLER incele SOSLAR&#038;BAHARATLAR incele P\u00dcF NOKTALARI incele MUTFAK \u00d6L\u00c7\u00dcLER\u0130 incele\" \/>\n<meta property=\"og:url\" content=\"https:\/\/beyazet.hastavuk.com.tr\/ru\/lezzet-kapisi\/\" \/>\n<meta property=\"og:site_name\" content=\"Hastavuk\" \/>\n<meta property=\"article:publisher\" content=\"https:\/\/www.facebook.com\/HasTavukBursa\" \/>\n<meta property=\"article:modified_time\" content=\"2020-07-22T14:03:19+00:00\" \/>\n<meta property=\"og:image\" content=\"http:\/\/beyazet.hastavuk.com.tr\/wp-content\/uploads\/tarifler-icon.png\" \/>\n<meta name=\"twitter:card\" content=\"summary_large_image\" \/>\n<meta name=\"twitter:site\" content=\"@Hastavuk\" \/>\n<script type=\"application\/ld+json\" class=\"yoast-schema-graph\">{\"@context\":\"https:\/\/schema.org\",\"@graph\":[{\"@type\":\"WebPage\",\"@id\":\"https:\/\/beyazet.hastavuk.com.tr\/ar\/lezzet-kapisi\/\",\"url\":\"https:\/\/beyazet.hastavuk.com.tr\/ar\/lezzet-kapisi\/\",\"name\":\"Lezzet Kap\u0131s\u0131 - Hastavuk\",\"isPartOf\":{\"@id\":\"https:\/\/beyazet.hastavuk.com.tr\/tr\/#website\"},\"primaryImageOfPage\":{\"@id\":\"https:\/\/beyazet.hastavuk.com.tr\/ar\/lezzet-kapisi\/#primaryimage\"},\"image\":{\"@id\":\"https:\/\/beyazet.hastavuk.com.tr\/ar\/lezzet-kapisi\/#primaryimage\"},\"thumbnailUrl\":\"http:\/\/beyazet.hastavuk.com.tr\/wp-content\/uploads\/tarifler-icon.png\",\"datePublished\":\"2020-03-30T17:31:44+00:00\",\"dateModified\":\"2020-07-22T14:03:19+00:00\",\"breadcrumb\":{\"@id\":\"https:\/\/beyazet.hastavuk.com.tr\/ar\/lezzet-kapisi\/#breadcrumb\"},\"inLanguage\":\"ru-RU\",\"potentialAction\":[{\"@type\":\"ReadAction\",\"target\":[\"https:\/\/beyazet.hastavuk.com.tr\/ar\/lezzet-kapisi\/\"]}]},{\"@type\":\"ImageObject\",\"inLanguage\":\"ru-RU\",\"@id\":\"https:\/\/beyazet.hastavuk.com.tr\/ar\/lezzet-kapisi\/#primaryimage\",\"url\":\"http:\/\/beyazet.hastavuk.com.tr\/wp-content\/uploads\/tarifler-icon.png\",\"contentUrl\":\"http:\/\/beyazet.hastavuk.com.tr\/wp-content\/uploads\/tarifler-icon.png\"},{\"@type\":\"BreadcrumbList\",\"@id\":\"https:\/\/beyazet.hastavuk.com.tr\/ar\/lezzet-kapisi\/#breadcrumb\",\"itemListElement\":[{\"@type\":\"ListItem\",\"position\":1,\"name\":\"Ana sayfa\",\"item\":\"https:\/\/beyazet.hastavuk.com.tr\/tr\/\"},{\"@type\":\"ListItem\",\"position\":2,\"name\":\"Lezzet Kap\u0131s\u0131\"}]},{\"@type\":\"WebSite\",\"@id\":\"https:\/\/beyazet.hastavuk.com.tr\/tr\/#website\",\"url\":\"https:\/\/beyazet.hastavuk.com.tr\/tr\/\",\"name\":\"Hastavuk\",\"description\":\"Lezzetin Has\u0131n\u0131 Bilenlere\",\"publisher\":{\"@id\":\"https:\/\/beyazet.hastavuk.com.tr\/tr\/#organization\"},\"potentialAction\":[{\"@type\":\"SearchAction\",\"target\":{\"@type\":\"EntryPoint\",\"urlTemplate\":\"https:\/\/beyazet.hastavuk.com.tr\/tr\/?s={search_term_string}\"},\"query-input\":{\"@type\":\"PropertyValueSpecification\",\"valueRequired\":true,\"valueName\":\"search_term_string\"}}],\"inLanguage\":\"ru-RU\"},{\"@type\":\"Organization\",\"@id\":\"https:\/\/beyazet.hastavuk.com.tr\/tr\/#organization\",\"name\":\"Hastavuk\",\"url\":\"https:\/\/beyazet.hastavuk.com.tr\/tr\/\",\"logo\":{\"@type\":\"ImageObject\",\"inLanguage\":\"ru-RU\",\"@id\":\"https:\/\/beyazet.hastavuk.com.tr\/tr\/#\/schema\/logo\/image\/\",\"url\":\"https:\/\/beyazet.hastavuk.com.tr\/wp-content\/uploads\/logo-2_1.svg\",\"contentUrl\":\"https:\/\/beyazet.hastavuk.com.tr\/wp-content\/uploads\/logo-2_1.svg\",\"width\":487.29,\"height\":134.97,\"caption\":\"Hastavuk\"},\"image\":{\"@id\":\"https:\/\/beyazet.hastavuk.com.tr\/tr\/#\/schema\/logo\/image\/\"},\"sameAs\":[\"https:\/\/www.facebook.com\/HasTavukBursa\",\"https:\/\/x.com\/Hastavuk\",\"https:\/\/www.instagram.com\/hastavukofficial\/\",\"https:\/\/www.linkedin.com\/company\/hastavuk-a.\u015f\/?originalSubdomain=tr\",\"https:\/\/www.youtube.com\/channel\/UChH5pNzBeWmump5WEqrS8iQ\/videos\"]}]}<\/script>\n<!-- \/ Yoast SEO plugin. -->","yoast_head_json":{"title":"Lezzet Kap\u0131s\u0131 - Hastavuk","robots":{"index":"index","follow":"follow","max-snippet":"max-snippet:-1","max-image-preview":"max-image-preview:large","max-video-preview":"max-video-preview:-1"},"canonical":"https:\/\/beyazet.hastavuk.com.tr\/ru\/lezzet-kapisi\/","og_locale":"ru_RU","og_type":"article","og_title":"Lezzet Kap\u0131s\u0131 - Hastavuk","og_description":"Antibiyotik yok, Hormon yok TAR\u0130FLER incele SOSLAR&#038;BAHARATLAR incele P\u00dcF NOKTALARI incele MUTFAK \u00d6L\u00c7\u00dcLER\u0130 incele","og_url":"https:\/\/beyazet.hastavuk.com.tr\/ru\/lezzet-kapisi\/","og_site_name":"Hastavuk","article_publisher":"https:\/\/www.facebook.com\/HasTavukBursa","article_modified_time":"2020-07-22T14:03:19+00:00","og_image":[{"url":"http:\/\/beyazet.hastavuk.com.tr\/wp-content\/uploads\/tarifler-icon.png","type":"","width":"","height":""}],"twitter_card":"summary_large_image","twitter_site":"@Hastavuk","schema":{"@context":"https:\/\/schema.org","@graph":[{"@type":"WebPage","@id":"https:\/\/beyazet.hastavuk.com.tr\/ar\/lezzet-kapisi\/","url":"https:\/\/beyazet.hastavuk.com.tr\/ar\/lezzet-kapisi\/","name":"Lezzet Kap\u0131s\u0131 - Hastavuk","isPartOf":{"@id":"https:\/\/beyazet.hastavuk.com.tr\/tr\/#website"},"primaryImageOfPage":{"@id":"https:\/\/beyazet.hastavuk.com.tr\/ar\/lezzet-kapisi\/#primaryimage"},"image":{"@id":"https:\/\/beyazet.hastavuk.com.tr\/ar\/lezzet-kapisi\/#primaryimage"},"thumbnailUrl":"http:\/\/beyazet.hastavuk.com.tr\/wp-content\/uploads\/tarifler-icon.png","datePublished":"2020-03-30T17:31:44+00:00","dateModified":"2020-07-22T14:03:19+00:00","breadcrumb":{"@id":"https:\/\/beyazet.hastavuk.com.tr\/ar\/lezzet-kapisi\/#breadcrumb"},"inLanguage":"ru-RU","potentialAction":[{"@type":"ReadAction","target":["https:\/\/beyazet.hastavuk.com.tr\/ar\/lezzet-kapisi\/"]}]},{"@type":"ImageObject","inLanguage":"ru-RU","@id":"https:\/\/beyazet.hastavuk.com.tr\/ar\/lezzet-kapisi\/#primaryimage","url":"http:\/\/beyazet.hastavuk.com.tr\/wp-content\/uploads\/tarifler-icon.png","contentUrl":"http:\/\/beyazet.hastavuk.com.tr\/wp-content\/uploads\/tarifler-icon.png"},{"@type":"BreadcrumbList","@id":"https:\/\/beyazet.hastavuk.com.tr\/ar\/lezzet-kapisi\/#breadcrumb","itemListElement":[{"@type":"ListItem","position":1,"name":"Ana sayfa","item":"https:\/\/beyazet.hastavuk.com.tr\/tr\/"},{"@type":"ListItem","position":2,"name":"Lezzet Kap\u0131s\u0131"}]},{"@type":"WebSite","@id":"https:\/\/beyazet.hastavuk.com.tr\/tr\/#website","url":"https:\/\/beyazet.hastavuk.com.tr\/tr\/","name":"Hastavuk","description":"Lezzetin Has\u0131n\u0131 Bilenlere","publisher":{"@id":"https:\/\/beyazet.hastavuk.com.tr\/tr\/#organization"},"potentialAction":[{"@type":"SearchAction","target":{"@type":"EntryPoint","urlTemplate":"https:\/\/beyazet.hastavuk.com.tr\/tr\/?s={search_term_string}"},"query-input":{"@type":"PropertyValueSpecification","valueRequired":true,"valueName":"search_term_string"}}],"inLanguage":"ru-RU"},{"@type":"Organization","@id":"https:\/\/beyazet.hastavuk.com.tr\/tr\/#organization","name":"Hastavuk","url":"https:\/\/beyazet.hastavuk.com.tr\/tr\/","logo":{"@type":"ImageObject","inLanguage":"ru-RU","@id":"https:\/\/beyazet.hastavuk.com.tr\/tr\/#\/schema\/logo\/image\/","url":"https:\/\/beyazet.hastavuk.com.tr\/wp-content\/uploads\/logo-2_1.svg","contentUrl":"https:\/\/beyazet.hastavuk.com.tr\/wp-content\/uploads\/logo-2_1.svg","width":487.29,"height":134.97,"caption":"Hastavuk"},"image":{"@id":"https:\/\/beyazet.hastavuk.com.tr\/tr\/#\/schema\/logo\/image\/"},"sameAs":["https:\/\/www.facebook.com\/HasTavukBursa","https:\/\/x.com\/Hastavuk","https:\/\/www.instagram.com\/hastavukofficial\/","https:\/\/www.linkedin.com\/company\/hastavuk-a.\u015f\/?originalSubdomain=tr","https:\/\/www.youtube.com\/channel\/UChH5pNzBeWmump5WEqrS8iQ\/videos"]}]}},"_links":{"self":[{"href":"https:\/\/beyazet.hastavuk.com.tr\/ru\/wp-json\/wp\/v2\/pages\/478","targetHints":{"allow":["GET"]}}],"collection":[{"href":"https:\/\/beyazet.hastavuk.com.tr\/ru\/wp-json\/wp\/v2\/pages"}],"about":[{"href":"https:\/\/beyazet.hastavuk.com.tr\/ru\/wp-json\/wp\/v2\/types\/page"}],"author":[{"embeddable":true,"href":"https:\/\/beyazet.hastavuk.com.tr\/ru\/wp-json\/wp\/v2\/users\/1"}],"replies":[{"embeddable":true,"href":"https:\/\/beyazet.hastavuk.com.tr\/ru\/wp-json\/wp\/v2\/comments?post=478"}],"version-history":[{"count":20,"href":"https:\/\/beyazet.hastavuk.com.tr\/ru\/wp-json\/wp\/v2\/pages\/478\/revisions"}],"predecessor-version":[{"id":1422,"href":"https:\/\/beyazet.hastavuk.com.tr\/ru\/wp-json\/wp\/v2\/pages\/478\/revisions\/1422"}],"wp:attachment":[{"href":"https:\/\/beyazet.hastavuk.com.tr\/ru\/wp-json\/wp\/v2\/media?parent=478"}],"curies":[{"name":"wp","href":"https:\/\/api.w.org\/{rel}","templated":true}]}}