{"id":444,"date":"2020-03-30T16:07:19","date_gmt":"2020-03-30T16:07:19","guid":{"rendered":"http:\/\/beyazet.hastavuk.com.tr\/?page_id=444"},"modified":"2020-12-16T11:17:49","modified_gmt":"2020-12-16T11:17:49","slug":"saglikli-beslenme","status":"publish","type":"page","link":"https:\/\/beyazet.hastavuk.com.tr\/ru\/saglikli-beslenme\/","title":{"rendered":"\u0417\u0414\u041e\u0420\u041e\u0412\u041e\u0415 \u041f\u0418\u0422\u0410\u041d\u0418\u0415"},"content":{"rendered":"\t\t<div data-elementor-type=\"wp-page\" data-elementor-id=\"444\" class=\"elementor elementor-444\" data-elementor-post-type=\"page\">\n\t\t\t\t\t\t<section class=\"elementor-section elementor-top-section elementor-element elementor-element-5f977c3 elementor-section-full_width elementor-section-height-min-height elementor-section-height-default elementor-section-items-middle\" data-id=\"5f977c3\" data-element_type=\"section\" data-e-type=\"section\" data-settings=\"{&quot;jet_parallax_layout_list&quot;:[{&quot;jet_parallax_layout_image&quot;:{&quot;url&quot;:&quot;&quot;,&quot;id&quot;:&quot;&quot;,&quot;size&quot;:&quot;&quot;},&quot;_id&quot;:&quot;698c882&quot;,&quot;jet_parallax_layout_image_tablet&quot;:{&quot;url&quot;:&quot;&quot;,&quot;id&quot;:&quot;&quot;,&quot;size&quot;:&quot;&quot;},&quot;jet_parallax_layout_image_mobile&quot;:{&quot;url&quot;:&quot;&quot;,&quot;id&quot;:&quot;&quot;,&quot;size&quot;:&quot;&quot;},&quot;jet_parallax_layout_speed&quot;:{&quot;unit&quot;:&quot;%&quot;,&quot;size&quot;:50,&quot;sizes&quot;:[]},&quot;jet_parallax_layout_type&quot;:&quot;scroll&quot;,&quot;jet_parallax_layout_direction&quot;:null,&quot;jet_parallax_layout_fx_direction&quot;:null,&quot;jet_parallax_layout_z_index&quot;:&quot;&quot;,&quot;jet_parallax_layout_bg_x&quot;:50,&quot;jet_parallax_layout_bg_x_tablet&quot;:&quot;&quot;,&quot;jet_parallax_layout_bg_x_mobile&quot;:&quot;&quot;,&quot;jet_parallax_layout_bg_y&quot;:50,&quot;jet_parallax_layout_bg_y_tablet&quot;:&quot;&quot;,&quot;jet_parallax_layout_bg_y_mobile&quot;:&quot;&quot;,&quot;jet_parallax_layout_bg_size&quot;:&quot;auto&quot;,&quot;jet_parallax_layout_bg_size_tablet&quot;:&quot;&quot;,&quot;jet_parallax_layout_bg_size_mobile&quot;:&quot;&quot;,&quot;jet_parallax_layout_animation_prop&quot;:&quot;transform&quot;,&quot;jet_parallax_layout_on&quot;:[&quot;desktop&quot;,&quot;tablet&quot;]}],&quot;background_background&quot;:&quot;classic&quot;}\">\n\t\t\t\t\t\t<div class=\"elementor-container elementor-column-gap-default\">\n\t\t\t\t\t<div class=\"elementor-column elementor-col-100 elementor-top-column elementor-element elementor-element-21d0bad\" data-id=\"21d0bad\" data-element_type=\"column\" data-e-type=\"column\" data-settings=\"{&quot;background_background&quot;:&quot;classic&quot;}\">\n\t\t\t<div class=\"elementor-widget-wrap elementor-element-populated\">\n\t\t\t\t\t\t<div class=\"elementor-element elementor-element-ecc1334 elementor-widget elementor-widget-heading\" data-id=\"ecc1334\" data-element_type=\"widget\" data-e-type=\"widget\" data-widget_type=\"heading.default\">\n\t\t\t\t<div class=\"elementor-widget-container\">\n\t\t\t\t\t<h2 class=\"elementor-heading-title elementor-size-default\">Antibiyotik yok, Hormon yok<\/h2>\t\t\t\t<\/div>\n\t\t\t\t<\/div>\n\t\t\t\t\t<\/div>\n\t\t<\/div>\n\t\t\t\t\t<\/div>\n\t\t<\/section>\n\t\t\t\t<section class=\"elementor-section elementor-top-section elementor-element elementor-element-00147ac elementor-section-boxed elementor-section-height-default elementor-section-height-default\" data-id=\"00147ac\" data-element_type=\"section\" data-e-type=\"section\" data-settings=\"{&quot;jet_parallax_layout_list&quot;:[{&quot;jet_parallax_layout_image&quot;:{&quot;url&quot;:&quot;&quot;,&quot;id&quot;:&quot;&quot;,&quot;size&quot;:&quot;&quot;},&quot;_id&quot;:&quot;c628ef2&quot;,&quot;jet_parallax_layout_image_tablet&quot;:{&quot;url&quot;:&quot;&quot;,&quot;id&quot;:&quot;&quot;,&quot;size&quot;:&quot;&quot;},&quot;jet_parallax_layout_image_mobile&quot;:{&quot;url&quot;:&quot;&quot;,&quot;id&quot;:&quot;&quot;,&quot;size&quot;:&quot;&quot;},&quot;jet_parallax_layout_speed&quot;:{&quot;unit&quot;:&quot;%&quot;,&quot;size&quot;:50,&quot;sizes&quot;:[]},&quot;jet_parallax_layout_type&quot;:&quot;scroll&quot;,&quot;jet_parallax_layout_direction&quot;:null,&quot;jet_parallax_layout_fx_direction&quot;:null,&quot;jet_parallax_layout_z_index&quot;:&quot;&quot;,&quot;jet_parallax_layout_bg_x&quot;:50,&quot;jet_parallax_layout_bg_x_tablet&quot;:&quot;&quot;,&quot;jet_parallax_layout_bg_x_mobile&quot;:&quot;&quot;,&quot;jet_parallax_layout_bg_y&quot;:50,&quot;jet_parallax_layout_bg_y_tablet&quot;:&quot;&quot;,&quot;jet_parallax_layout_bg_y_mobile&quot;:&quot;&quot;,&quot;jet_parallax_layout_bg_size&quot;:&quot;auto&quot;,&quot;jet_parallax_layout_bg_size_tablet&quot;:&quot;&quot;,&quot;jet_parallax_layout_bg_size_mobile&quot;:&quot;&quot;,&quot;jet_parallax_layout_animation_prop&quot;:&quot;transform&quot;,&quot;jet_parallax_layout_on&quot;:[&quot;desktop&quot;,&quot;tablet&quot;]}]}\">\n\t\t\t\t\t\t<div class=\"elementor-container elementor-column-gap-default\">\n\t\t\t\t\t<div class=\"elementor-column elementor-col-50 elementor-top-column elementor-element elementor-element-550a07e\" data-id=\"550a07e\" data-element_type=\"column\" data-e-type=\"column\">\n\t\t\t<div class=\"elementor-widget-wrap elementor-element-populated\">\n\t\t\t\t\t\t<div class=\"elementor-element elementor-element-e79c8fd elementor-position-top elementor-widget elementor-widget-image-box\" data-id=\"e79c8fd\" data-element_type=\"widget\" data-e-type=\"widget\" data-widget_type=\"image-box.default\">\n\t\t\t\t<div class=\"elementor-widget-container\">\n\t\t\t\t\t<div class=\"elementor-image-box-wrapper\"><figure class=\"elementor-image-box-img\"><img fetchpriority=\"high\" decoding=\"async\" width=\"672\" height=\"672\" src=\"https:\/\/beyazet.hastavuk.com.tr\/wp-content\/uploads\/uzmanlardan-icon.png\" class=\"elementor-animation-shrink attachment-full size-full wp-image-447\" alt=\"\" srcset=\"https:\/\/beyazet.hastavuk.com.tr\/wp-content\/uploads\/uzmanlardan-icon.png 672w, https:\/\/beyazet.hastavuk.com.tr\/wp-content\/uploads\/uzmanlardan-icon-300x300.png 300w, https:\/\/beyazet.hastavuk.com.tr\/wp-content\/uploads\/uzmanlardan-icon-150x150.png 150w\" sizes=\"(max-width: 672px) 100vw, 672px\" \/><\/figure><div class=\"elementor-image-box-content\"><h4 class=\"elementor-image-box-title\">UZMANLARDAN \u00d6NER\u0130LER<\/h4><\/div><\/div>\t\t\t\t<\/div>\n\t\t\t\t<\/div>\n\t\t\t\t<div class=\"elementor-element elementor-element-cc7d263 elementor-align-center elementor-widget elementor-widget-button\" data-id=\"cc7d263\" data-element_type=\"widget\" data-e-type=\"widget\" data-widget_type=\"button.default\">\n\t\t\t\t<div class=\"elementor-widget-container\">\n\t\t\t\t\t\t\t\t\t<div class=\"elementor-button-wrapper\">\n\t\t\t\t\t<a class=\"elementor-button elementor-button-link elementor-size-sm\" href=\"http:\/\/beyazet.hastavuk.com.tr\/uzmanlardan-oneriler\/\">\n\t\t\t\t\t\t<span class=\"elementor-button-content-wrapper\">\n\t\t\t\t\t\t\t\t\t<span class=\"elementor-button-text\">\u0130NCELE<\/span>\n\t\t\t\t\t<\/span>\n\t\t\t\t\t<\/a>\n\t\t\t\t<\/div>\n\t\t\t\t\t\t\t\t<\/div>\n\t\t\t\t<\/div>\n\t\t\t\t\t<\/div>\n\t\t<\/div>\n\t\t\t\t<div class=\"elementor-column elementor-col-50 elementor-top-column elementor-element elementor-element-3872ab3\" data-id=\"3872ab3\" data-element_type=\"column\" data-e-type=\"column\">\n\t\t\t<div class=\"elementor-widget-wrap elementor-element-populated\">\n\t\t\t\t\t\t<div class=\"elementor-element elementor-element-51fba69 elementor-position-top elementor-widget elementor-widget-image-box\" data-id=\"51fba69\" data-element_type=\"widget\" data-e-type=\"widget\" data-widget_type=\"image-box.default\">\n\t\t\t\t<div class=\"elementor-widget-container\">\n\t\t\t\t\t<div class=\"elementor-image-box-wrapper\"><figure class=\"elementor-image-box-img\"><img decoding=\"async\" width=\"671\" height=\"672\" src=\"https:\/\/beyazet.hastavuk.com.tr\/wp-content\/uploads\/kalori-harcama-cetveli.png\" class=\"elementor-animation-shrink attachment-full size-full wp-image-454\" alt=\"\" srcset=\"https:\/\/beyazet.hastavuk.com.tr\/wp-content\/uploads\/kalori-harcama-cetveli.png 671w, https:\/\/beyazet.hastavuk.com.tr\/wp-content\/uploads\/kalori-harcama-cetveli-300x300.png 300w, https:\/\/beyazet.hastavuk.com.tr\/wp-content\/uploads\/kalori-harcama-cetveli-150x150.png 150w\" sizes=\"(max-width: 671px) 100vw, 671px\" \/><\/figure><div class=\"elementor-image-box-content\"><h4 class=\"elementor-image-box-title\">KALOR\u0130 HARCAMA CETVEL\u0130<\/h4><\/div><\/div>\t\t\t\t<\/div>\n\t\t\t\t<\/div>\n\t\t\t\t<div class=\"elementor-element elementor-element-b64d022 elementor-align-center elementor-widget elementor-widget-button\" data-id=\"b64d022\" data-element_type=\"widget\" data-e-type=\"widget\" data-widget_type=\"button.default\">\n\t\t\t\t<div class=\"elementor-widget-container\">\n\t\t\t\t\t\t\t\t\t<div class=\"elementor-button-wrapper\">\n\t\t\t\t\t<a class=\"elementor-button elementor-button-link elementor-size-sm\" href=\"#elementor-action%3Aaction%3Dpopup%3Aopen%26settings%3DeyJpZCI6IjE0MTQiLCJ0b2dnbGUiOmZhbHNlfQ%3D%3D\">\n\t\t\t\t\t\t<span class=\"elementor-button-content-wrapper\">\n\t\t\t\t\t\t\t\t\t<span class=\"elementor-button-text\">\u0130NCELE<\/span>\n\t\t\t\t\t<\/span>\n\t\t\t\t\t<\/a>\n\t\t\t\t<\/div>\n\t\t\t\t\t\t\t\t<\/div>\n\t\t\t\t<\/div>\n\t\t\t\t\t<\/div>\n\t\t<\/div>\n\t\t\t\t\t<\/div>\n\t\t<\/section>\n\t\t\t\t<section class=\"elementor-section elementor-top-section elementor-element elementor-element-ca3ea30 elementor-section-boxed elementor-section-height-default elementor-section-height-default\" data-id=\"ca3ea30\" data-element_type=\"section\" data-e-type=\"section\" data-settings=\"{&quot;jet_parallax_layout_list&quot;:[{&quot;jet_parallax_layout_image&quot;:{&quot;url&quot;:&quot;&quot;,&quot;id&quot;:&quot;&quot;,&quot;size&quot;:&quot;&quot;},&quot;_id&quot;:&quot;c628ef2&quot;,&quot;jet_parallax_layout_image_tablet&quot;:{&quot;url&quot;:&quot;&quot;,&quot;id&quot;:&quot;&quot;,&quot;size&quot;:&quot;&quot;},&quot;jet_parallax_layout_image_mobile&quot;:{&quot;url&quot;:&quot;&quot;,&quot;id&quot;:&quot;&quot;,&quot;size&quot;:&quot;&quot;},&quot;jet_parallax_layout_speed&quot;:{&quot;unit&quot;:&quot;%&quot;,&quot;size&quot;:50,&quot;sizes&quot;:[]},&quot;jet_parallax_layout_type&quot;:&quot;scroll&quot;,&quot;jet_parallax_layout_direction&quot;:null,&quot;jet_parallax_layout_fx_direction&quot;:null,&quot;jet_parallax_layout_z_index&quot;:&quot;&quot;,&quot;jet_parallax_layout_bg_x&quot;:50,&quot;jet_parallax_layout_bg_x_tablet&quot;:&quot;&quot;,&quot;jet_parallax_layout_bg_x_mobile&quot;:&quot;&quot;,&quot;jet_parallax_layout_bg_y&quot;:50,&quot;jet_parallax_layout_bg_y_tablet&quot;:&quot;&quot;,&quot;jet_parallax_layout_bg_y_mobile&quot;:&quot;&quot;,&quot;jet_parallax_layout_bg_size&quot;:&quot;auto&quot;,&quot;jet_parallax_layout_bg_size_tablet&quot;:&quot;&quot;,&quot;jet_parallax_layout_bg_size_mobile&quot;:&quot;&quot;,&quot;jet_parallax_layout_animation_prop&quot;:&quot;transform&quot;,&quot;jet_parallax_layout_on&quot;:[&quot;desktop&quot;,&quot;tablet&quot;]}]}\">\n\t\t\t\t\t\t<div class=\"elementor-container elementor-column-gap-default\">\n\t\t\t\t\t<div class=\"elementor-column elementor-col-50 elementor-top-column elementor-element elementor-element-9cbad7e\" data-id=\"9cbad7e\" data-element_type=\"column\" data-e-type=\"column\">\n\t\t\t<div class=\"elementor-widget-wrap elementor-element-populated\">\n\t\t\t\t\t\t<div class=\"elementor-element elementor-element-e7fcb98 elementor-position-top elementor-widget elementor-widget-image-box\" data-id=\"e7fcb98\" data-element_type=\"widget\" data-e-type=\"widget\" data-widget_type=\"image-box.default\">\n\t\t\t\t<div class=\"elementor-widget-container\">\n\t\t\t\t\t<div class=\"elementor-image-box-wrapper\"><figure class=\"elementor-image-box-img\"><img decoding=\"async\" width=\"671\" height=\"672\" src=\"https:\/\/beyazet.hastavuk.com.tr\/wp-content\/uploads\/kalori-cetveli-icon.png\" class=\"elementor-animation-shrink attachment-full size-full wp-image-463\" alt=\"\" srcset=\"https:\/\/beyazet.hastavuk.com.tr\/wp-content\/uploads\/kalori-cetveli-icon.png 671w, https:\/\/beyazet.hastavuk.com.tr\/wp-content\/uploads\/kalori-cetveli-icon-300x300.png 300w, https:\/\/beyazet.hastavuk.com.tr\/wp-content\/uploads\/kalori-cetveli-icon-150x150.png 150w\" sizes=\"(max-width: 671px) 100vw, 671px\" \/><\/figure><div class=\"elementor-image-box-content\"><h4 class=\"elementor-image-box-title\">BES\u0130N DE\u011eERLER\u0130<\/h4><\/div><\/div>\t\t\t\t<\/div>\n\t\t\t\t<\/div>\n\t\t\t\t<div class=\"elementor-element elementor-element-19485a4 elementor-align-center elementor-widget elementor-widget-button\" data-id=\"19485a4\" data-element_type=\"widget\" data-e-type=\"widget\" data-widget_type=\"button.default\">\n\t\t\t\t<div class=\"elementor-widget-container\">\n\t\t\t\t\t\t\t\t\t<div class=\"elementor-button-wrapper\">\n\t\t\t\t\t<a class=\"elementor-button elementor-button-link elementor-size-sm\" href=\"#elementor-action%3Aaction%3Dlightbox%26settings%3DeyJ1cmwiOiJodHRwOlwvXC9iZXlhemV0Lmhhc3RhdnVrLmNvbS50clwvd3AtY29udGVudFwvdXBsb2Fkc1wvQkVTXHUwMTMwTi1ERVx1MDExZUVSTEVSXHUwMTMwLmpwZyIsInR5cGUiOiJpbWFnZSJ9\">\n\t\t\t\t\t\t<span class=\"elementor-button-content-wrapper\">\n\t\t\t\t\t\t\t\t\t<span class=\"elementor-button-text\">\u0130NCELE<\/span>\n\t\t\t\t\t<\/span>\n\t\t\t\t\t<\/a>\n\t\t\t\t<\/div>\n\t\t\t\t\t\t\t\t<\/div>\n\t\t\t\t<\/div>\n\t\t\t\t\t<\/div>\n\t\t<\/div>\n\t\t\t\t<div class=\"elementor-column elementor-col-50 elementor-top-column elementor-element elementor-element-832b694\" data-id=\"832b694\" data-element_type=\"column\" data-e-type=\"column\">\n\t\t\t<div class=\"elementor-widget-wrap elementor-element-populated\">\n\t\t\t\t\t\t<div class=\"elementor-element elementor-element-1df81f1 elementor-position-top elementor-widget elementor-widget-image-box\" data-id=\"1df81f1\" data-element_type=\"widget\" data-e-type=\"widget\" data-widget_type=\"image-box.default\">\n\t\t\t\t<div class=\"elementor-widget-container\">\n\t\t\t\t\t<div class=\"elementor-image-box-wrapper\"><figure class=\"elementor-image-box-img\"><img loading=\"lazy\" decoding=\"async\" width=\"671\" height=\"671\" src=\"https:\/\/beyazet.hastavuk.com.tr\/wp-content\/uploads\/merak-edilenler-icon.png\" class=\"elementor-animation-shrink attachment-full size-full wp-image-467\" alt=\"\" srcset=\"https:\/\/beyazet.hastavuk.com.tr\/wp-content\/uploads\/merak-edilenler-icon.png 671w, https:\/\/beyazet.hastavuk.com.tr\/wp-content\/uploads\/merak-edilenler-icon-300x300.png 300w, https:\/\/beyazet.hastavuk.com.tr\/wp-content\/uploads\/merak-edilenler-icon-150x150.png 150w\" sizes=\"(max-width: 671px) 100vw, 671px\" \/><\/figure><div class=\"elementor-image-box-content\"><h4 class=\"elementor-image-box-title\">MERAK ED\u0130LENLER<\/h4><\/div><\/div>\t\t\t\t<\/div>\n\t\t\t\t<\/div>\n\t\t\t\t<div class=\"elementor-element elementor-element-34acf70 elementor-align-center elementor-widget elementor-widget-button\" data-id=\"34acf70\" data-element_type=\"widget\" data-e-type=\"widget\" data-widget_type=\"button.default\">\n\t\t\t\t<div class=\"elementor-widget-container\">\n\t\t\t\t\t\t\t\t\t<div class=\"elementor-button-wrapper\">\n\t\t\t\t\t<a class=\"elementor-button elementor-button-link elementor-size-sm\" href=\"http:\/\/beyazet.hastavuk.com.tr\/merak-edilenler\/\">\n\t\t\t\t\t\t<span class=\"elementor-button-content-wrapper\">\n\t\t\t\t\t\t\t\t\t<span class=\"elementor-button-text\">\u0130NCELE<\/span>\n\t\t\t\t\t<\/span>\n\t\t\t\t\t<\/a>\n\t\t\t\t<\/div>\n\t\t\t\t\t\t\t\t<\/div>\n\t\t\t\t<\/div>\n\t\t\t\t\t<\/div>\n\t\t<\/div>\n\t\t\t\t\t<\/div>\n\t\t<\/section>\n\t\t\t\t<\/div>\n\t\t","protected":false},"excerpt":{"rendered":"<p>Antibiyotik yok, Hormon yok UZMANLARDAN \u00d6NER\u0130LER \u0130NCELE KALOR\u0130 HARCAMA CETVEL\u0130 \u0130NCELE BES\u0130N DE\u011eERLER\u0130 \u0130NCELE MERAK ED\u0130LENLER \u0130NCELE<\/p>","protected":false},"author":1,"featured_media":0,"parent":0,"menu_order":0,"comment_status":"closed","ping_status":"closed","template":"","meta":{"inline_featured_image":false,"footnotes":""},"class_list":["post-444","page","type-page","status-publish","hentry"],"yoast_head":"<!-- This site is optimized with the Yoast SEO plugin v25.0 - https:\/\/yoast.com\/wordpress\/plugins\/seo\/ -->\n<title>Sa\u011fl\u0131kl\u0131 Beslenme - Hastavuk<\/title>\n<meta name=\"robots\" content=\"index, follow, max-snippet:-1, max-image-preview:large, max-video-preview:-1\" \/>\n<link rel=\"canonical\" href=\"https:\/\/beyazet.hastavuk.com.tr\/ru\/saglikli-beslenme\/\" \/>\n<meta property=\"og:locale\" content=\"ru_RU\" \/>\n<meta property=\"og:type\" content=\"article\" \/>\n<meta property=\"og:title\" content=\"Sa\u011fl\u0131kl\u0131 Beslenme - Hastavuk\" \/>\n<meta property=\"og:description\" content=\"Antibiyotik yok, Hormon yok UZMANLARDAN \u00d6NER\u0130LER \u0130NCELE KALOR\u0130 HARCAMA CETVEL\u0130 \u0130NCELE BES\u0130N DE\u011eERLER\u0130 \u0130NCELE MERAK ED\u0130LENLER \u0130NCELE\" \/>\n<meta property=\"og:url\" content=\"https:\/\/beyazet.hastavuk.com.tr\/ru\/saglikli-beslenme\/\" \/>\n<meta property=\"og:site_name\" content=\"Hastavuk\" \/>\n<meta property=\"article:publisher\" content=\"https:\/\/www.facebook.com\/HasTavukBursa\" \/>\n<meta property=\"article:modified_time\" content=\"2020-12-16T11:17:49+00:00\" \/>\n<meta property=\"og:image\" content=\"http:\/\/beyazet.hastavuk.com.tr\/wp-content\/uploads\/uzmanlardan-icon.png\" \/>\n<meta name=\"twitter:card\" content=\"summary_large_image\" \/>\n<meta name=\"twitter:site\" content=\"@Hastavuk\" \/>\n<script type=\"application\/ld+json\" class=\"yoast-schema-graph\">{\"@context\":\"https:\/\/schema.org\",\"@graph\":[{\"@type\":\"WebPage\",\"@id\":\"https:\/\/beyazet.hastavuk.com.tr\/tr\/saglikli-beslenme\/\",\"url\":\"https:\/\/beyazet.hastavuk.com.tr\/tr\/saglikli-beslenme\/\",\"name\":\"Sa\u011fl\u0131kl\u0131 Beslenme - Hastavuk\",\"isPartOf\":{\"@id\":\"https:\/\/beyazet.hastavuk.com.tr\/tr\/#website\"},\"primaryImageOfPage\":{\"@id\":\"https:\/\/beyazet.hastavuk.com.tr\/tr\/saglikli-beslenme\/#primaryimage\"},\"image\":{\"@id\":\"https:\/\/beyazet.hastavuk.com.tr\/tr\/saglikli-beslenme\/#primaryimage\"},\"thumbnailUrl\":\"http:\/\/beyazet.hastavuk.com.tr\/wp-content\/uploads\/uzmanlardan-icon.png\",\"datePublished\":\"2020-03-30T16:07:19+00:00\",\"dateModified\":\"2020-12-16T11:17:49+00:00\",\"breadcrumb\":{\"@id\":\"https:\/\/beyazet.hastavuk.com.tr\/tr\/saglikli-beslenme\/#breadcrumb\"},\"inLanguage\":\"ru-RU\",\"potentialAction\":[{\"@type\":\"ReadAction\",\"target\":[\"https:\/\/beyazet.hastavuk.com.tr\/tr\/saglikli-beslenme\/\"]}]},{\"@type\":\"ImageObject\",\"inLanguage\":\"ru-RU\",\"@id\":\"https:\/\/beyazet.hastavuk.com.tr\/tr\/saglikli-beslenme\/#primaryimage\",\"url\":\"http:\/\/beyazet.hastavuk.com.tr\/wp-content\/uploads\/uzmanlardan-icon.png\",\"contentUrl\":\"http:\/\/beyazet.hastavuk.com.tr\/wp-content\/uploads\/uzmanlardan-icon.png\"},{\"@type\":\"BreadcrumbList\",\"@id\":\"https:\/\/beyazet.hastavuk.com.tr\/tr\/saglikli-beslenme\/#breadcrumb\",\"itemListElement\":[{\"@type\":\"ListItem\",\"position\":1,\"name\":\"Ana sayfa\",\"item\":\"https:\/\/beyazet.hastavuk.com.tr\/tr\/\"},{\"@type\":\"ListItem\",\"position\":2,\"name\":\"Sa\u011fl\u0131kl\u0131 Beslenme\"}]},{\"@type\":\"WebSite\",\"@id\":\"https:\/\/beyazet.hastavuk.com.tr\/tr\/#website\",\"url\":\"https:\/\/beyazet.hastavuk.com.tr\/tr\/\",\"name\":\"Hastavuk\",\"description\":\"Lezzetin Has\u0131n\u0131 Bilenlere\",\"publisher\":{\"@id\":\"https:\/\/beyazet.hastavuk.com.tr\/tr\/#organization\"},\"potentialAction\":[{\"@type\":\"SearchAction\",\"target\":{\"@type\":\"EntryPoint\",\"urlTemplate\":\"https:\/\/beyazet.hastavuk.com.tr\/tr\/?s={search_term_string}\"},\"query-input\":{\"@type\":\"PropertyValueSpecification\",\"valueRequired\":true,\"valueName\":\"search_term_string\"}}],\"inLanguage\":\"ru-RU\"},{\"@type\":\"Organization\",\"@id\":\"https:\/\/beyazet.hastavuk.com.tr\/tr\/#organization\",\"name\":\"Hastavuk\",\"url\":\"https:\/\/beyazet.hastavuk.com.tr\/tr\/\",\"logo\":{\"@type\":\"ImageObject\",\"inLanguage\":\"ru-RU\",\"@id\":\"https:\/\/beyazet.hastavuk.com.tr\/tr\/#\/schema\/logo\/image\/\",\"url\":\"https:\/\/beyazet.hastavuk.com.tr\/wp-content\/uploads\/logo-2_1.svg\",\"contentUrl\":\"https:\/\/beyazet.hastavuk.com.tr\/wp-content\/uploads\/logo-2_1.svg\",\"width\":487.29,\"height\":134.97,\"caption\":\"Hastavuk\"},\"image\":{\"@id\":\"https:\/\/beyazet.hastavuk.com.tr\/tr\/#\/schema\/logo\/image\/\"},\"sameAs\":[\"https:\/\/www.facebook.com\/HasTavukBursa\",\"https:\/\/x.com\/Hastavuk\",\"https:\/\/www.instagram.com\/hastavukofficial\/\",\"https:\/\/www.linkedin.com\/company\/hastavuk-a.\u015f\/?originalSubdomain=tr\",\"https:\/\/www.youtube.com\/channel\/UChH5pNzBeWmump5WEqrS8iQ\/videos\"]}]}<\/script>\n<!-- \/ Yoast SEO plugin. -->","yoast_head_json":{"title":"Sa\u011fl\u0131kl\u0131 Beslenme - Hastavuk","robots":{"index":"index","follow":"follow","max-snippet":"max-snippet:-1","max-image-preview":"max-image-preview:large","max-video-preview":"max-video-preview:-1"},"canonical":"https:\/\/beyazet.hastavuk.com.tr\/ru\/saglikli-beslenme\/","og_locale":"ru_RU","og_type":"article","og_title":"Sa\u011fl\u0131kl\u0131 Beslenme - Hastavuk","og_description":"Antibiyotik yok, Hormon yok UZMANLARDAN \u00d6NER\u0130LER \u0130NCELE KALOR\u0130 HARCAMA CETVEL\u0130 \u0130NCELE BES\u0130N DE\u011eERLER\u0130 \u0130NCELE MERAK ED\u0130LENLER \u0130NCELE","og_url":"https:\/\/beyazet.hastavuk.com.tr\/ru\/saglikli-beslenme\/","og_site_name":"Hastavuk","article_publisher":"https:\/\/www.facebook.com\/HasTavukBursa","article_modified_time":"2020-12-16T11:17:49+00:00","og_image":[{"url":"http:\/\/beyazet.hastavuk.com.tr\/wp-content\/uploads\/uzmanlardan-icon.png","type":"","width":"","height":""}],"twitter_card":"summary_large_image","twitter_site":"@Hastavuk","schema":{"@context":"https:\/\/schema.org","@graph":[{"@type":"WebPage","@id":"https:\/\/beyazet.hastavuk.com.tr\/tr\/saglikli-beslenme\/","url":"https:\/\/beyazet.hastavuk.com.tr\/tr\/saglikli-beslenme\/","name":"Sa\u011fl\u0131kl\u0131 Beslenme - Hastavuk","isPartOf":{"@id":"https:\/\/beyazet.hastavuk.com.tr\/tr\/#website"},"primaryImageOfPage":{"@id":"https:\/\/beyazet.hastavuk.com.tr\/tr\/saglikli-beslenme\/#primaryimage"},"image":{"@id":"https:\/\/beyazet.hastavuk.com.tr\/tr\/saglikli-beslenme\/#primaryimage"},"thumbnailUrl":"http:\/\/beyazet.hastavuk.com.tr\/wp-content\/uploads\/uzmanlardan-icon.png","datePublished":"2020-03-30T16:07:19+00:00","dateModified":"2020-12-16T11:17:49+00:00","breadcrumb":{"@id":"https:\/\/beyazet.hastavuk.com.tr\/tr\/saglikli-beslenme\/#breadcrumb"},"inLanguage":"ru-RU","potentialAction":[{"@type":"ReadAction","target":["https:\/\/beyazet.hastavuk.com.tr\/tr\/saglikli-beslenme\/"]}]},{"@type":"ImageObject","inLanguage":"ru-RU","@id":"https:\/\/beyazet.hastavuk.com.tr\/tr\/saglikli-beslenme\/#primaryimage","url":"http:\/\/beyazet.hastavuk.com.tr\/wp-content\/uploads\/uzmanlardan-icon.png","contentUrl":"http:\/\/beyazet.hastavuk.com.tr\/wp-content\/uploads\/uzmanlardan-icon.png"},{"@type":"BreadcrumbList","@id":"https:\/\/beyazet.hastavuk.com.tr\/tr\/saglikli-beslenme\/#breadcrumb","itemListElement":[{"@type":"ListItem","position":1,"name":"Ana sayfa","item":"https:\/\/beyazet.hastavuk.com.tr\/tr\/"},{"@type":"ListItem","position":2,"name":"Sa\u011fl\u0131kl\u0131 Beslenme"}]},{"@type":"WebSite","@id":"https:\/\/beyazet.hastavuk.com.tr\/tr\/#website","url":"https:\/\/beyazet.hastavuk.com.tr\/tr\/","name":"Hastavuk","description":"Lezzetin Has\u0131n\u0131 Bilenlere","publisher":{"@id":"https:\/\/beyazet.hastavuk.com.tr\/tr\/#organization"},"potentialAction":[{"@type":"SearchAction","target":{"@type":"EntryPoint","urlTemplate":"https:\/\/beyazet.hastavuk.com.tr\/tr\/?s={search_term_string}"},"query-input":{"@type":"PropertyValueSpecification","valueRequired":true,"valueName":"search_term_string"}}],"inLanguage":"ru-RU"},{"@type":"Organization","@id":"https:\/\/beyazet.hastavuk.com.tr\/tr\/#organization","name":"Hastavuk","url":"https:\/\/beyazet.hastavuk.com.tr\/tr\/","logo":{"@type":"ImageObject","inLanguage":"ru-RU","@id":"https:\/\/beyazet.hastavuk.com.tr\/tr\/#\/schema\/logo\/image\/","url":"https:\/\/beyazet.hastavuk.com.tr\/wp-content\/uploads\/logo-2_1.svg","contentUrl":"https:\/\/beyazet.hastavuk.com.tr\/wp-content\/uploads\/logo-2_1.svg","width":487.29,"height":134.97,"caption":"Hastavuk"},"image":{"@id":"https:\/\/beyazet.hastavuk.com.tr\/tr\/#\/schema\/logo\/image\/"},"sameAs":["https:\/\/www.facebook.com\/HasTavukBursa","https:\/\/x.com\/Hastavuk","https:\/\/www.instagram.com\/hastavukofficial\/","https:\/\/www.linkedin.com\/company\/hastavuk-a.\u015f\/?originalSubdomain=tr","https:\/\/www.youtube.com\/channel\/UChH5pNzBeWmump5WEqrS8iQ\/videos"]}]}},"_links":{"self":[{"href":"https:\/\/beyazet.hastavuk.com.tr\/ru\/wp-json\/wp\/v2\/pages\/444","targetHints":{"allow":["GET"]}}],"collection":[{"href":"https:\/\/beyazet.hastavuk.com.tr\/ru\/wp-json\/wp\/v2\/pages"}],"about":[{"href":"https:\/\/beyazet.hastavuk.com.tr\/ru\/wp-json\/wp\/v2\/types\/page"}],"author":[{"embeddable":true,"href":"https:\/\/beyazet.hastavuk.com.tr\/ru\/wp-json\/wp\/v2\/users\/1"}],"replies":[{"embeddable":true,"href":"https:\/\/beyazet.hastavuk.com.tr\/ru\/wp-json\/wp\/v2\/comments?post=444"}],"version-history":[{"count":29,"href":"https:\/\/beyazet.hastavuk.com.tr\/ru\/wp-json\/wp\/v2\/pages\/444\/revisions"}],"predecessor-version":[{"id":1692,"href":"https:\/\/beyazet.hastavuk.com.tr\/ru\/wp-json\/wp\/v2\/pages\/444\/revisions\/1692"}],"wp:attachment":[{"href":"https:\/\/beyazet.hastavuk.com.tr\/ru\/wp-json\/wp\/v2\/media?parent=444"}],"curies":[{"name":"wp","href":"https:\/\/api.w.org\/{rel}","templated":true}]}}