{"id":786,"date":"2020-03-31T19:23:21","date_gmt":"2020-03-31T19:23:21","guid":{"rendered":"http:\/\/beyazet.hastavuk.com.tr\/?page_id=786"},"modified":"2020-11-16T11:07:38","modified_gmt":"2020-11-16T11:07:38","slug":"insan-kaynaklari","status":"publish","type":"page","link":"http:\/\/beyazet.hastavuk.com.tr\/ru\/insan-kaynaklari\/","title":{"rendered":"\u041e\u0422\u0414\u0415\u041b \u041a\u0410\u0414\u0420\u041e\u0412"},"content":{"rendered":"\t\t<div data-elementor-type=\"wp-page\" data-elementor-id=\"786\" class=\"elementor elementor-786\" data-elementor-post-type=\"page\">\n\t\t\t\t\t\t<section class=\"elementor-section elementor-top-section elementor-element elementor-element-5f977c3 elementor-section-full_width elementor-section-height-min-height elementor-section-height-default elementor-section-items-middle\" data-id=\"5f977c3\" data-element_type=\"section\" data-e-type=\"section\" data-settings=\"{&quot;jet_parallax_layout_list&quot;:[{&quot;jet_parallax_layout_image&quot;:{&quot;url&quot;:&quot;&quot;,&quot;id&quot;:&quot;&quot;,&quot;size&quot;:&quot;&quot;},&quot;_id&quot;:&quot;698c882&quot;,&quot;jet_parallax_layout_image_tablet&quot;:{&quot;url&quot;:&quot;&quot;,&quot;id&quot;:&quot;&quot;,&quot;size&quot;:&quot;&quot;},&quot;jet_parallax_layout_image_mobile&quot;:{&quot;url&quot;:&quot;&quot;,&quot;id&quot;:&quot;&quot;,&quot;size&quot;:&quot;&quot;},&quot;jet_parallax_layout_speed&quot;:{&quot;unit&quot;:&quot;%&quot;,&quot;size&quot;:50,&quot;sizes&quot;:[]},&quot;jet_parallax_layout_type&quot;:&quot;scroll&quot;,&quot;jet_parallax_layout_direction&quot;:null,&quot;jet_parallax_layout_fx_direction&quot;:null,&quot;jet_parallax_layout_z_index&quot;:&quot;&quot;,&quot;jet_parallax_layout_bg_x&quot;:50,&quot;jet_parallax_layout_bg_x_tablet&quot;:&quot;&quot;,&quot;jet_parallax_layout_bg_x_mobile&quot;:&quot;&quot;,&quot;jet_parallax_layout_bg_y&quot;:50,&quot;jet_parallax_layout_bg_y_tablet&quot;:&quot;&quot;,&quot;jet_parallax_layout_bg_y_mobile&quot;:&quot;&quot;,&quot;jet_parallax_layout_bg_size&quot;:&quot;auto&quot;,&quot;jet_parallax_layout_bg_size_tablet&quot;:&quot;&quot;,&quot;jet_parallax_layout_bg_size_mobile&quot;:&quot;&quot;,&quot;jet_parallax_layout_animation_prop&quot;:&quot;transform&quot;,&quot;jet_parallax_layout_on&quot;:[&quot;desktop&quot;,&quot;tablet&quot;]}],&quot;background_background&quot;:&quot;classic&quot;}\">\n\t\t\t\t\t\t<div class=\"elementor-container elementor-column-gap-default\">\n\t\t\t\t\t<div class=\"elementor-column elementor-col-100 elementor-top-column elementor-element elementor-element-21d0bad\" data-id=\"21d0bad\" data-element_type=\"column\" data-e-type=\"column\">\n\t\t\t<div class=\"elementor-widget-wrap elementor-element-populated\">\n\t\t\t\t\t\t<div class=\"elementor-element elementor-element-18cb2cb elementor-widget elementor-widget-image\" data-id=\"18cb2cb\" data-element_type=\"widget\" data-e-type=\"widget\" data-widget_type=\"image.default\">\n\t\t\t\t<div class=\"elementor-widget-container\">\n\t\t\t\t\t\t\t\t\t\t\t\t\t\t\t<img fetchpriority=\"high\" decoding=\"async\" width=\"1920\" height=\"400\" src=\"http:\/\/beyazet.hastavuk.com.tr\/wp-content\/uploads\/img-23.jpg\" class=\"attachment-full size-full wp-image-788\" alt=\"\" srcset=\"http:\/\/beyazet.hastavuk.com.tr\/wp-content\/uploads\/img-23.jpg 1920w, http:\/\/beyazet.hastavuk.com.tr\/wp-content\/uploads\/img-23-300x63.jpg 300w, http:\/\/beyazet.hastavuk.com.tr\/wp-content\/uploads\/img-23-1024x213.jpg 1024w, http:\/\/beyazet.hastavuk.com.tr\/wp-content\/uploads\/img-23-768x160.jpg 768w, http:\/\/beyazet.hastavuk.com.tr\/wp-content\/uploads\/img-23-1536x320.jpg 1536w\" sizes=\"(max-width: 1920px) 100vw, 1920px\" \/>\t\t\t\t\t\t\t\t\t\t\t\t\t\t\t<\/div>\n\t\t\t\t<\/div>\n\t\t\t\t\t<\/div>\n\t\t<\/div>\n\t\t\t\t\t<\/div>\n\t\t<\/section>\n\t\t\t\t<section class=\"elementor-section elementor-top-section elementor-element elementor-element-d5d6b4c elementor-section-boxed elementor-section-height-default elementor-section-height-default\" data-id=\"d5d6b4c\" data-element_type=\"section\" data-e-type=\"section\" data-settings=\"{&quot;jet_parallax_layout_list&quot;:[{&quot;jet_parallax_layout_image&quot;:{&quot;url&quot;:&quot;&quot;,&quot;id&quot;:&quot;&quot;,&quot;size&quot;:&quot;&quot;},&quot;_id&quot;:&quot;7fb1d4f&quot;,&quot;jet_parallax_layout_image_tablet&quot;:{&quot;url&quot;:&quot;&quot;,&quot;id&quot;:&quot;&quot;,&quot;size&quot;:&quot;&quot;},&quot;jet_parallax_layout_image_mobile&quot;:{&quot;url&quot;:&quot;&quot;,&quot;id&quot;:&quot;&quot;,&quot;size&quot;:&quot;&quot;},&quot;jet_parallax_layout_speed&quot;:{&quot;unit&quot;:&quot;%&quot;,&quot;size&quot;:50,&quot;sizes&quot;:[]},&quot;jet_parallax_layout_type&quot;:&quot;scroll&quot;,&quot;jet_parallax_layout_direction&quot;:null,&quot;jet_parallax_layout_fx_direction&quot;:null,&quot;jet_parallax_layout_z_index&quot;:&quot;&quot;,&quot;jet_parallax_layout_bg_x&quot;:50,&quot;jet_parallax_layout_bg_x_tablet&quot;:&quot;&quot;,&quot;jet_parallax_layout_bg_x_mobile&quot;:&quot;&quot;,&quot;jet_parallax_layout_bg_y&quot;:50,&quot;jet_parallax_layout_bg_y_tablet&quot;:&quot;&quot;,&quot;jet_parallax_layout_bg_y_mobile&quot;:&quot;&quot;,&quot;jet_parallax_layout_bg_size&quot;:&quot;auto&quot;,&quot;jet_parallax_layout_bg_size_tablet&quot;:&quot;&quot;,&quot;jet_parallax_layout_bg_size_mobile&quot;:&quot;&quot;,&quot;jet_parallax_layout_animation_prop&quot;:&quot;transform&quot;,&quot;jet_parallax_layout_on&quot;:[&quot;desktop&quot;,&quot;tablet&quot;]}]}\">\n\t\t\t\t\t\t<div class=\"elementor-container elementor-column-gap-default\">\n\t\t\t\t\t<div class=\"elementor-column elementor-col-100 elementor-top-column elementor-element elementor-element-4a1a09b\" data-id=\"4a1a09b\" data-element_type=\"column\" data-e-type=\"column\">\n\t\t\t<div class=\"elementor-widget-wrap elementor-element-populated\">\n\t\t\t\t\t\t<div class=\"elementor-element elementor-element-4afe2b8 elementor-widget elementor-widget-text-editor\" data-id=\"4afe2b8\" data-element_type=\"widget\" data-e-type=\"widget\" data-widget_type=\"text-editor.default\">\n\t\t\t\t<div class=\"elementor-widget-container\">\n\t\t\t\t\t\t\t\t\tSekt\u00f6re hizmet eden ve m\u00fc\u015fteri memnuniyetini her alanda sa\u011flamaya \u00e7al\u0131\u015fan tak\u0131m\u0131m\u0131z i\u00e7in m\u00fc\u015fteri bilin\u00e7lendirme ve kaliteli \u00fcr\u00fcn \u00fcretme bilinci had safhada \u00f6nemlidir. Bu dinamiklere sahip olan tak\u0131m\u0131m\u0131z; b\u00fcnyesine kataca\u011f\u0131 yeni personeli insan kaynaklar\u0131 y\u00f6netiminin gereklerine uygun olarak \u00e7e\u015fitli m\u00fclakat s\u00fcre\u00e7lerinden ve yetkinlik analiz testlerinden ge\u00e7irir. \u201cUygun i\u015fe uygun personel\u201d felsefesine g\u00f6re hareket ederek; i\u015f tan\u0131mlar\u0131nda belirlenmi\u015f olan \u00f6zelliklere ve HasTavuk yetkinlik haritas\u0131 dahilinde personel tedarik edilmektedir.<\/span><\/span>\n\nYeni personel; insan kaynaklar\u0131 politikas\u0131 do\u011frultusunda oryantasyon e\u011fitiminden ge\u00e7tikten sonra de\u011ferlendirilmekte ve i\u015fe yerle\u015ftirilmektedir. <\/span><\/span>\n\nPerformans de\u011ferlendirme ve kariyer planlama sistemi HasTavuk b\u00fcnyesinde uygulanmaktad\u0131r<\/span><\/span>\n\nBu do\u011frultuda t\u00fcm \u00e7al\u0131\u015fanlar her y\u0131l b\u00f6l\u00fcmsel hedeflerini ger\u00e7ekle\u015ftirme oranlar\u0131na ve yetkinlik bazl\u0131 de\u011ferlendirme sonu\u00e7lar\u0131na g\u00f6re kendi performanslar\u0131n\u0131 kendileri belirlemektedir. Her \u015feyin s\u00fcratle de\u011fi\u015fti\u011fi g\u00fcn\u00fcm\u00fczde bu de\u011fi\u015fim ve geli\u015fim s\u00fcrecine ayak uydurabilen \u015firketler ayakta kalacakt\u0131r. Bunun i\u00e7in gerekli olan \u00f6ge bilgidir, bilgiyi de e\u011fitim ve e\u011fitilmi\u015f i\u015f g\u00fcc\u00fc ile sa\u011flamak m\u00fcmk\u00fcnd\u00fcr. Bu ama\u00e7la; insan kaynaklar\u0131 olarak bu felsefeyi politikam\u0131z olarak benimsemi\u015f bulunuyoruz. \u015eirketimizde teknik ve bireysel geli\u015fim e\u011fitimleri ger\u00e7ekle\u015ftirilerek firma hedeflerine ula\u015fmak ve \u00e7al\u0131\u015fanlar\u0131m\u0131z\u0131n kariyer planlar\u0131n\u0131 ger\u00e7ekle\u015ftirmelerine katk\u0131da bulunmak hedeflenmektedir. Geli\u015fmenin ve lider olman\u0131n temelinin insan kayna\u011f\u0131 oldu\u011fu bilinciyle hedeflerimize sizlerle birlikte ula\u015fmaktan mutluluk duyaca\u011f\u0131z. <\/span><\/span>\t\t\t\t\t\t\t\t<\/div>\n\t\t\t\t<\/div>\n\t\t\t\t<div class=\"elementor-element elementor-element-9661dde elementor-align-center elementor-widget elementor-widget-button\" data-id=\"9661dde\" data-element_type=\"widget\" data-e-type=\"widget\" data-widget_type=\"button.default\">\n\t\t\t\t<div class=\"elementor-widget-container\">\n\t\t\t\t\t\t\t\t\t<div class=\"elementor-button-wrapper\">\n\t\t\t\t\t<a class=\"elementor-button elementor-button-link elementor-size-sm\" href=\"http:\/\/onlineislemmerkezi.hastavuk.com.tr\/_ik\/ikdefault.aspx\" target=\"_blank\">\n\t\t\t\t\t\t<span class=\"elementor-button-content-wrapper\">\n\t\t\t\t\t\t<span class=\"elementor-button-icon\">\n\t\t\t\t<i aria-hidden=\"true\" class=\"fas fa-chevron-right\"><\/i>\t\t\t<\/span>\n\t\t\t\t\t\t\t\t\t<span class=\"elementor-button-text\">i\u015f ba\u015fvurusu<\/span>\n\t\t\t\t\t<\/span>\n\t\t\t\t\t<\/a>\n\t\t\t\t<\/div>\n\t\t\t\t\t\t\t\t<\/div>\n\t\t\t\t<\/div>\n\t\t\t\t\t<\/div>\n\t\t<\/div>\n\t\t\t\t\t<\/div>\n\t\t<\/section>\n\t\t\t\t<\/div>\n\t\t","protected":false},"excerpt":{"rendered":"<p>Sekt\u00f6re hizmet eden ve m\u00fc\u015fteri memnuniyetini her alanda sa\u011flamaya \u00e7al\u0131\u015fan tak\u0131m\u0131m\u0131z i\u00e7in m\u00fc\u015fteri bilin\u00e7lendirme ve kaliteli \u00fcr\u00fcn \u00fcretme bilinci had safhada \u00f6nemlidir. Bu dinamiklere sahip olan tak\u0131m\u0131m\u0131z; b\u00fcnyesine kataca\u011f\u0131 yeni personeli insan kaynaklar\u0131 y\u00f6netiminin gereklerine uygun olarak \u00e7e\u015fitli m\u00fclakat s\u00fcre\u00e7lerinden ve yetkinlik analiz testlerinden ge\u00e7irir. \u201cUygun i\u015fe uygun personel\u201d felsefesine g\u00f6re hareket ederek; i\u015f tan\u0131mlar\u0131nda [&hellip;]<\/p>\n","protected":false},"author":1,"featured_media":0,"parent":0,"menu_order":0,"comment_status":"closed","ping_status":"closed","template":"","meta":{"inline_featured_image":false,"footnotes":""},"class_list":["post-786","page","type-page","status-publish","hentry"],"yoast_head":"<!-- This site is optimized with the Yoast SEO plugin v25.0 - https:\/\/yoast.com\/wordpress\/plugins\/seo\/ -->\n<title>\u0130nsan Kaynaklar\u0131 - Hastavuk<\/title>\n<meta name=\"robots\" content=\"index, follow, max-snippet:-1, max-image-preview:large, max-video-preview:-1\" \/>\n<link rel=\"canonical\" href=\"http:\/\/beyazet.hastavuk.com.tr\/ru\/insan-kaynaklari\/\" \/>\n<meta property=\"og:locale\" content=\"ru_RU\" \/>\n<meta property=\"og:type\" content=\"article\" \/>\n<meta property=\"og:title\" content=\"\u0130nsan Kaynaklar\u0131 - Hastavuk\" \/>\n<meta property=\"og:description\" content=\"Sekt\u00f6re hizmet eden ve m\u00fc\u015fteri memnuniyetini her alanda sa\u011flamaya \u00e7al\u0131\u015fan tak\u0131m\u0131m\u0131z i\u00e7in m\u00fc\u015fteri bilin\u00e7lendirme ve kaliteli \u00fcr\u00fcn \u00fcretme bilinci had safhada \u00f6nemlidir. Bu dinamiklere sahip olan tak\u0131m\u0131m\u0131z; b\u00fcnyesine kataca\u011f\u0131 yeni personeli insan kaynaklar\u0131 y\u00f6netiminin gereklerine uygun olarak \u00e7e\u015fitli m\u00fclakat s\u00fcre\u00e7lerinden ve yetkinlik analiz testlerinden ge\u00e7irir. \u201cUygun i\u015fe uygun personel\u201d felsefesine g\u00f6re hareket ederek; i\u015f tan\u0131mlar\u0131nda [&hellip;]\" \/>\n<meta property=\"og:url\" content=\"http:\/\/beyazet.hastavuk.com.tr\/ru\/insan-kaynaklari\/\" \/>\n<meta property=\"og:site_name\" content=\"Hastavuk\" \/>\n<meta property=\"article:publisher\" content=\"https:\/\/www.facebook.com\/HasTavukBursa\" \/>\n<meta property=\"article:modified_time\" content=\"2020-11-16T11:07:38+00:00\" \/>\n<meta property=\"og:image\" content=\"http:\/\/beyazet.hastavuk.com.tr\/wp-content\/uploads\/img-23.jpg\" \/>\n<meta name=\"twitter:card\" content=\"summary_large_image\" \/>\n<meta name=\"twitter:site\" content=\"@Hastavuk\" \/>\n<meta name=\"twitter:label1\" content=\"\u041f\u0440\u0438\u043c\u0435\u0440\u043d\u043e\u0435 \u0432\u0440\u0435\u043c\u044f \u0434\u043b\u044f \u0447\u0442\u0435\u043d\u0438\u044f\" \/>\n\t<meta name=\"twitter:data1\" content=\"1 \u043c\u0438\u043d\u0443\u0442\u0430\" \/>\n<script type=\"application\/ld+json\" class=\"yoast-schema-graph\">{\"@context\":\"https:\/\/schema.org\",\"@graph\":[{\"@type\":\"WebPage\",\"@id\":\"http:\/\/beyazet.hastavuk.com.tr\/en\/insan-kaynaklari\/\",\"url\":\"http:\/\/beyazet.hastavuk.com.tr\/en\/insan-kaynaklari\/\",\"name\":\"\u0130nsan Kaynaklar\u0131 - Hastavuk\",\"isPartOf\":{\"@id\":\"https:\/\/beyazet.hastavuk.com.tr\/tr\/#website\"},\"primaryImageOfPage\":{\"@id\":\"http:\/\/beyazet.hastavuk.com.tr\/en\/insan-kaynaklari\/#primaryimage\"},\"image\":{\"@id\":\"http:\/\/beyazet.hastavuk.com.tr\/en\/insan-kaynaklari\/#primaryimage\"},\"thumbnailUrl\":\"http:\/\/beyazet.hastavuk.com.tr\/wp-content\/uploads\/img-23.jpg\",\"datePublished\":\"2020-03-31T19:23:21+00:00\",\"dateModified\":\"2020-11-16T11:07:38+00:00\",\"breadcrumb\":{\"@id\":\"http:\/\/beyazet.hastavuk.com.tr\/en\/insan-kaynaklari\/#breadcrumb\"},\"inLanguage\":\"ru-RU\",\"potentialAction\":[{\"@type\":\"ReadAction\",\"target\":[\"http:\/\/beyazet.hastavuk.com.tr\/en\/insan-kaynaklari\/\"]}]},{\"@type\":\"ImageObject\",\"inLanguage\":\"ru-RU\",\"@id\":\"http:\/\/beyazet.hastavuk.com.tr\/en\/insan-kaynaklari\/#primaryimage\",\"url\":\"http:\/\/beyazet.hastavuk.com.tr\/wp-content\/uploads\/img-23.jpg\",\"contentUrl\":\"http:\/\/beyazet.hastavuk.com.tr\/wp-content\/uploads\/img-23.jpg\"},{\"@type\":\"BreadcrumbList\",\"@id\":\"http:\/\/beyazet.hastavuk.com.tr\/en\/insan-kaynaklari\/#breadcrumb\",\"itemListElement\":[{\"@type\":\"ListItem\",\"position\":1,\"name\":\"Ana sayfa\",\"item\":\"https:\/\/beyazet.hastavuk.com.tr\/tr\/\"},{\"@type\":\"ListItem\",\"position\":2,\"name\":\"\u0130nsan Kaynaklar\u0131\"}]},{\"@type\":\"WebSite\",\"@id\":\"https:\/\/beyazet.hastavuk.com.tr\/tr\/#website\",\"url\":\"https:\/\/beyazet.hastavuk.com.tr\/tr\/\",\"name\":\"Hastavuk\",\"description\":\"Lezzetin Has\u0131n\u0131 Bilenlere\",\"publisher\":{\"@id\":\"https:\/\/beyazet.hastavuk.com.tr\/tr\/#organization\"},\"potentialAction\":[{\"@type\":\"SearchAction\",\"target\":{\"@type\":\"EntryPoint\",\"urlTemplate\":\"https:\/\/beyazet.hastavuk.com.tr\/tr\/?s={search_term_string}\"},\"query-input\":{\"@type\":\"PropertyValueSpecification\",\"valueRequired\":true,\"valueName\":\"search_term_string\"}}],\"inLanguage\":\"ru-RU\"},{\"@type\":\"Organization\",\"@id\":\"https:\/\/beyazet.hastavuk.com.tr\/tr\/#organization\",\"name\":\"Hastavuk\",\"url\":\"https:\/\/beyazet.hastavuk.com.tr\/tr\/\",\"logo\":{\"@type\":\"ImageObject\",\"inLanguage\":\"ru-RU\",\"@id\":\"https:\/\/beyazet.hastavuk.com.tr\/tr\/#\/schema\/logo\/image\/\",\"url\":\"http:\/\/beyazet.hastavuk.com.tr\/wp-content\/uploads\/logo-2_1.svg\",\"contentUrl\":\"http:\/\/beyazet.hastavuk.com.tr\/wp-content\/uploads\/logo-2_1.svg\",\"width\":487.29,\"height\":134.97,\"caption\":\"Hastavuk\"},\"image\":{\"@id\":\"https:\/\/beyazet.hastavuk.com.tr\/tr\/#\/schema\/logo\/image\/\"},\"sameAs\":[\"https:\/\/www.facebook.com\/HasTavukBursa\",\"https:\/\/x.com\/Hastavuk\",\"https:\/\/www.instagram.com\/hastavukofficial\/\",\"https:\/\/www.linkedin.com\/company\/hastavuk-a.\u015f\/?originalSubdomain=tr\",\"https:\/\/www.youtube.com\/channel\/UChH5pNzBeWmump5WEqrS8iQ\/videos\"]}]}<\/script>\n<!-- \/ Yoast SEO plugin. -->","yoast_head_json":{"title":"\u0130nsan Kaynaklar\u0131 - Hastavuk","robots":{"index":"index","follow":"follow","max-snippet":"max-snippet:-1","max-image-preview":"max-image-preview:large","max-video-preview":"max-video-preview:-1"},"canonical":"http:\/\/beyazet.hastavuk.com.tr\/ru\/insan-kaynaklari\/","og_locale":"ru_RU","og_type":"article","og_title":"\u0130nsan Kaynaklar\u0131 - Hastavuk","og_description":"Sekt\u00f6re hizmet eden ve m\u00fc\u015fteri memnuniyetini her alanda sa\u011flamaya \u00e7al\u0131\u015fan tak\u0131m\u0131m\u0131z i\u00e7in m\u00fc\u015fteri bilin\u00e7lendirme ve kaliteli \u00fcr\u00fcn \u00fcretme bilinci had safhada \u00f6nemlidir. Bu dinamiklere sahip olan tak\u0131m\u0131m\u0131z; b\u00fcnyesine kataca\u011f\u0131 yeni personeli insan kaynaklar\u0131 y\u00f6netiminin gereklerine uygun olarak \u00e7e\u015fitli m\u00fclakat s\u00fcre\u00e7lerinden ve yetkinlik analiz testlerinden ge\u00e7irir. \u201cUygun i\u015fe uygun personel\u201d felsefesine g\u00f6re hareket ederek; i\u015f tan\u0131mlar\u0131nda [&hellip;]","og_url":"http:\/\/beyazet.hastavuk.com.tr\/ru\/insan-kaynaklari\/","og_site_name":"Hastavuk","article_publisher":"https:\/\/www.facebook.com\/HasTavukBursa","article_modified_time":"2020-11-16T11:07:38+00:00","og_image":[{"url":"http:\/\/beyazet.hastavuk.com.tr\/wp-content\/uploads\/img-23.jpg","type":"","width":"","height":""}],"twitter_card":"summary_large_image","twitter_site":"@Hastavuk","twitter_misc":{"\u041f\u0440\u0438\u043c\u0435\u0440\u043d\u043e\u0435 \u0432\u0440\u0435\u043c\u044f \u0434\u043b\u044f \u0447\u0442\u0435\u043d\u0438\u044f":"1 \u043c\u0438\u043d\u0443\u0442\u0430"},"schema":{"@context":"https:\/\/schema.org","@graph":[{"@type":"WebPage","@id":"http:\/\/beyazet.hastavuk.com.tr\/en\/insan-kaynaklari\/","url":"http:\/\/beyazet.hastavuk.com.tr\/en\/insan-kaynaklari\/","name":"\u0130nsan Kaynaklar\u0131 - Hastavuk","isPartOf":{"@id":"https:\/\/beyazet.hastavuk.com.tr\/tr\/#website"},"primaryImageOfPage":{"@id":"http:\/\/beyazet.hastavuk.com.tr\/en\/insan-kaynaklari\/#primaryimage"},"image":{"@id":"http:\/\/beyazet.hastavuk.com.tr\/en\/insan-kaynaklari\/#primaryimage"},"thumbnailUrl":"http:\/\/beyazet.hastavuk.com.tr\/wp-content\/uploads\/img-23.jpg","datePublished":"2020-03-31T19:23:21+00:00","dateModified":"2020-11-16T11:07:38+00:00","breadcrumb":{"@id":"http:\/\/beyazet.hastavuk.com.tr\/en\/insan-kaynaklari\/#breadcrumb"},"inLanguage":"ru-RU","potentialAction":[{"@type":"ReadAction","target":["http:\/\/beyazet.hastavuk.com.tr\/en\/insan-kaynaklari\/"]}]},{"@type":"ImageObject","inLanguage":"ru-RU","@id":"http:\/\/beyazet.hastavuk.com.tr\/en\/insan-kaynaklari\/#primaryimage","url":"http:\/\/beyazet.hastavuk.com.tr\/wp-content\/uploads\/img-23.jpg","contentUrl":"http:\/\/beyazet.hastavuk.com.tr\/wp-content\/uploads\/img-23.jpg"},{"@type":"BreadcrumbList","@id":"http:\/\/beyazet.hastavuk.com.tr\/en\/insan-kaynaklari\/#breadcrumb","itemListElement":[{"@type":"ListItem","position":1,"name":"Ana sayfa","item":"https:\/\/beyazet.hastavuk.com.tr\/tr\/"},{"@type":"ListItem","position":2,"name":"\u0130nsan Kaynaklar\u0131"}]},{"@type":"WebSite","@id":"https:\/\/beyazet.hastavuk.com.tr\/tr\/#website","url":"https:\/\/beyazet.hastavuk.com.tr\/tr\/","name":"Hastavuk","description":"Lezzetin Has\u0131n\u0131 Bilenlere","publisher":{"@id":"https:\/\/beyazet.hastavuk.com.tr\/tr\/#organization"},"potentialAction":[{"@type":"SearchAction","target":{"@type":"EntryPoint","urlTemplate":"https:\/\/beyazet.hastavuk.com.tr\/tr\/?s={search_term_string}"},"query-input":{"@type":"PropertyValueSpecification","valueRequired":true,"valueName":"search_term_string"}}],"inLanguage":"ru-RU"},{"@type":"Organization","@id":"https:\/\/beyazet.hastavuk.com.tr\/tr\/#organization","name":"Hastavuk","url":"https:\/\/beyazet.hastavuk.com.tr\/tr\/","logo":{"@type":"ImageObject","inLanguage":"ru-RU","@id":"https:\/\/beyazet.hastavuk.com.tr\/tr\/#\/schema\/logo\/image\/","url":"http:\/\/beyazet.hastavuk.com.tr\/wp-content\/uploads\/logo-2_1.svg","contentUrl":"http:\/\/beyazet.hastavuk.com.tr\/wp-content\/uploads\/logo-2_1.svg","width":487.29,"height":134.97,"caption":"Hastavuk"},"image":{"@id":"https:\/\/beyazet.hastavuk.com.tr\/tr\/#\/schema\/logo\/image\/"},"sameAs":["https:\/\/www.facebook.com\/HasTavukBursa","https:\/\/x.com\/Hastavuk","https:\/\/www.instagram.com\/hastavukofficial\/","https:\/\/www.linkedin.com\/company\/hastavuk-a.\u015f\/?originalSubdomain=tr","https:\/\/www.youtube.com\/channel\/UChH5pNzBeWmump5WEqrS8iQ\/videos"]}]}},"_links":{"self":[{"href":"http:\/\/beyazet.hastavuk.com.tr\/ru\/wp-json\/wp\/v2\/pages\/786","targetHints":{"allow":["GET"]}}],"collection":[{"href":"http:\/\/beyazet.hastavuk.com.tr\/ru\/wp-json\/wp\/v2\/pages"}],"about":[{"href":"http:\/\/beyazet.hastavuk.com.tr\/ru\/wp-json\/wp\/v2\/types\/page"}],"author":[{"embeddable":true,"href":"http:\/\/beyazet.hastavuk.com.tr\/ru\/wp-json\/wp\/v2\/users\/1"}],"replies":[{"embeddable":true,"href":"http:\/\/beyazet.hastavuk.com.tr\/ru\/wp-json\/wp\/v2\/comments?post=786"}],"version-history":[{"count":8,"href":"http:\/\/beyazet.hastavuk.com.tr\/ru\/wp-json\/wp\/v2\/pages\/786\/revisions"}],"predecessor-version":[{"id":1663,"href":"http:\/\/beyazet.hastavuk.com.tr\/ru\/wp-json\/wp\/v2\/pages\/786\/revisions\/1663"}],"wp:attachment":[{"href":"http:\/\/beyazet.hastavuk.com.tr\/ru\/wp-json\/wp\/v2\/media?parent=786"}],"curies":[{"name":"wp","href":"https:\/\/api.w.org\/{rel}","templated":true}]}}